{"id":8,"date":"2023-05-14T06:41:23","date_gmt":"2023-05-14T04:41:23","guid":{"rendered":"https:\/\/wozniak-broker.pl\/index.php\/about-us\/"},"modified":"2024-07-30T12:04:40","modified_gmt":"2024-07-30T10:04:40","slug":"o-nas","status":"publish","type":"page","link":"https:\/\/wozniak-broker.pl\/index.php\/o-nas\/","title":{"rendered":"O Nas"},"content":{"rendered":"\n<div class=\"wp-block-uagb-container uagb-block-18219f86 alignfull uagb-is-root-container\"><div class=\"uagb-container-inner-blocks-wrap\">\n<div class=\"wp-block-uagb-info-box uagb-block-ce51399b uagb-infobox__content-wrap  uagb-infobox-icon-above-title uagb-infobox-image-valign-top\"><div class=\"uagb-ifb-content\"><div class=\"uagb-ifb-title-wrap\"><div class=\"uagb-ifb-separator\"><\/div><h1 class=\"uagb-ifb-title\">Powiedz, w czym mo\u017cemy Ci pom\u00f3c.<\/h1><\/div><p class=\"uagb-ifb-desc\">Misj\u0105 Wo\u017aniak Broker jest zapewnienie naszym Klientom optymalnej ochrony ubezpieczeniowej.<\/p><\/div><\/div>\n<\/div><\/div>\n\n\n\n<div class=\"wp-block-uagb-container uagb-block-5d4843cf alignfull uagb-is-root-container\"><div class=\"uagb-container-inner-blocks-wrap\">\n<div class=\"wp-block-uagb-container uagb-block-ba8161e6\">\n<div class=\"wp-block-uagb-info-box uagb-block-fa44b011 uagb-infobox__content-wrap  uagb-infobox-icon-above-title uagb-infobox-image-valign-top\"><div class=\"uagb-ifb-content\"><div class=\"uagb-ifb-title-wrap\"><div class=\"uagb-ifb-separator\"><\/div><h2 class=\"uagb-ifb-title\">O nas<\/h2><\/div><p class=\"uagb-ifb-desc\">Piotr Wo\u017aniak Broker Sp. z o.o. to firma rodzinna Piotra Wo\u017cniak.<br>Nasza dzia\u0142alno\u015b\u0107 rozpocz\u0119\u0142a si\u0119 w 1991 roku, co pozwoli\u0142o nam nabra\u0107 du\u017cego do\u015bwiadczenia.<br>Wsp\u00f3\u0142pracujemy z licz\u0105cymi si\u0119 Towarzystwami Ubezpieczeniowymi.<br>Do\u015bwiadczenie pozwala nam tworzy\u0107 optymalne oferty ubezpiecze\u0144 dla naszych Klient\u00f3w.<br>\u0141\u0105czymy potrzeby klienta, atrakcyjn\u0105 cen\u0119 z\u00a0wiarygodno\u015bci\u0105 proponowanych przez\u00a0nas firm ubezpieczeniowych.<br><a href=\"https:\/\/ubezpieczenie-gorzow.pl\/Blog\/ubezpieczenia\/\"><\/a><\/p><\/div><\/div>\n\n\n\n<div class=\"wp-block-uagb-buttons uagb-buttons__outer-wrap uagb-btn__default-btn uagb-btn-tablet__default-btn uagb-btn-mobile__default-btn uagb-block-4fa1be83\"><div class=\"uagb-buttons__wrap uagb-buttons-layout-wrap \">\n<div class=\"wp-block-uagb-buttons-child uagb-buttons__outer-wrap uagb-block-95add00f wp-block-button\"><div class=\"uagb-button__wrapper\"><a class=\"uagb-buttons-repeater wp-block-button__link\" aria-label=\"\" href=\"#\" rel=\"follow noopener\" target=\"_self\" role=\"button\"><div class=\"uagb-button__link\">Nasze Standardy<\/div><\/a><\/div><\/div>\n<\/div><\/div>\n<\/div>\n\n\n\n<div class=\"wp-block-uagb-container uagb-block-c22b35e2\">\n<div class=\"wp-block-uagb-image alignright uagb-block-018a634c wp-block-uagb-image--layout-default wp-block-uagb-image--effect-static wp-block-uagb-image--align-right\"><figure class=\"wp-block-uagb-image__figure\"><img decoding=\"async\" data-srcset=\"https:\/\/wozniak-broker.pl\/wp-content\/uploads\/2021\/04\/law-firm-team.jpg , https:\/\/wozniak-broker.pl\/wp-content\/uploads\/2021\/04\/law-about.jpg 360w\" data-sizes=\"auto, (max-width: 480px) 150px\" data-src=\"https:\/\/wozniak-broker.pl\/wp-content\/uploads\/2021\/04\/law-firm-team.jpg\" alt=\"\" class=\"uag-image-813 lazyload\" width=\"510\" height=\"467\" title=\"\" role=\"img\" src=\"data:image\/svg+xml;base64,PHN2ZyB3aWR0aD0iMSIgaGVpZ2h0PSIxIiB4bWxucz0iaHR0cDovL3d3dy53My5vcmcvMjAwMC9zdmciPjwvc3ZnPg==\" style=\"--smush-placeholder-width: 510px; --smush-placeholder-aspect-ratio: 510\/467;\" \/><\/figure><\/div>\n<\/div>\n<\/div><\/div>\n\n\n\n<div class=\"wp-block-uagb-container uagb-block-289d54ae alignfull uagb-is-root-container\"><div class=\"uagb-container-inner-blocks-wrap\">\n<div class=\"wp-block-uagb-container uagb-block-46a4ff6e\">\n<div class=\"wp-block-uagb-info-box uagb-block-68b71ac0 uagb-infobox__content-wrap  uagb-infobox-icon-above-title uagb-infobox-image-valign-top\"><div class=\"uagb-ifb-content\"><div class=\"uagb-ifb-title-wrap\"><h4 class=\"uagb-ifb-title\">Odpowiedzialno\u015b\u0107<\/h4><\/div><p class=\"uagb-ifb-desc\"><br>Kierujemy si\u0119 zasadami odpowiedzialno\u015bci biznesowej.<br>Zdajemy sobie spraw\u0119 z powierzanych nam przez Klient\u00f3w zada\u0144, a do Ich realizacji podchodzimy w pe\u0142ni profesjonalnie<\/p><\/div><\/div>\n<\/div>\n\n\n\n<div class=\"wp-block-uagb-container uagb-block-bdd4c1a4\">\n<div class=\"wp-block-uagb-info-box uagb-block-56d7590f uagb-infobox__content-wrap  uagb-infobox-icon-above-title uagb-infobox-image-valign-top\"><div class=\"uagb-ifb-content\"><div class=\"uagb-ifb-title-wrap\"><h4 class=\"uagb-ifb-title\">Lojalno\u015b\u0107<\/h4><\/div><p class=\"uagb-ifb-desc\">W negocjacjach z zak\u0142adami ubezpiecze\u0144 kierujemy si\u0119 wy\u0142\u0105cznie najlepiej pojmowanym interesem Klient\u00f3w. Chcemy, aby nasze programy ubezpieczeniowe odpowiada\u0142y Ich oczekiwaniom finansowym i potrzebom wynikaj\u0105cym z ryzyka zwi\u0105zanego z profilem dzia\u0142alno\u015bci.<\/p><\/div><\/div>\n<\/div>\n\n\n\n<div class=\"wp-block-uagb-container uagb-block-2fd920dd\">\n<div class=\"wp-block-uagb-info-box uagb-block-f49ca5f3 uagb-infobox__content-wrap  uagb-infobox-icon-above-title uagb-infobox-image-valign-top\"><div class=\"uagb-ifb-content\"><div class=\"uagb-ifb-title-wrap\"><h4 class=\"uagb-ifb-title\">Rzetelno\u015b\u0107<\/h4><\/div><p class=\"uagb-ifb-desc\">Dostarczamy Klientom us\u0142ugi na najwy\u017cszym poziomie. Sumiennie pracujemy w zgodzie z najlepszymi standardami, przywi\u0105zujemy bardzo du\u017c\u0105 wag\u0119 do jako\u015bci \u015bwiadczonych przez nas us\u0142ug.<\/p><\/div><\/div>\n<\/div>\n<\/div><\/div>\n\n\n\n<div class=\"wp-block-uagb-container uagb-block-b7b2500c alignfull uagb-is-root-container\"><div class=\"uagb-container-inner-blocks-wrap\">\n<div class=\"wp-block-uagb-info-box uagb-block-1c0edc5d uagb-infobox__content-wrap  uagb-infobox-icon-above-title uagb-infobox-image-valign-top\"><div class=\"uagb-ifb-content\"><div class=\"uagb-ifb-title-wrap\"><div class=\"uagb-ifb-separator\"><\/div><h2 class=\"uagb-ifb-title\">Specjalizacja<\/h2><\/div><p class=\"uagb-ifb-desc\">Specjalizujemy si\u0119 w budowie kompleksowych program\u00f3w ubezpiecze\u0144&nbsp;i doradztwie z zakresu zarz\u0105dzania ryzykiem ubezpieczeniowym. Lata do\u015bwiadcze\u0144 pozwoli\u0142y nam wypracowa\u0107 odpowiednie narz\u0119dzia dla sprawnego dzia\u0142ania w interesie naszych Klient\u00f3w. Dzia\u0142amy szybko i sprawnie nie trac\u0105c przy tym indywidualnego podej\u015bcia do ka\u017cdej powierzonej nam sprawy.<\/p><\/div><\/div>\n\n\n\n<div class=\"wp-block-uagb-container uagb-block-7a84883d\"><\/div>\n<\/div><\/div>\n\n\n\n<div class=\"wp-block-uagb-info-box uagb-block-4414742f uagb-infobox__content-wrap  uagb-infobox-icon-above-title uagb-infobox-image-valign-top\"><div class=\"uagb-ifb-content\"><div class=\"uagb-ifb-title-wrap\"><div class=\"uagb-ifb-separator\"><\/div><h2 class=\"uagb-ifb-title\">Szkolenia<\/h2><\/div><p class=\"uagb-ifb-desc\">W trosce o wysoki poziom \u015bwiadczonych us\u0142ug prowadzimy sta\u0142e szkolenia&nbsp;s\u0142u\u017c\u0105ce wymianie do\u015bwiadcze\u0144 i ujednoliceniu standard\u00f3w obs\u0142ugi. Podnosz\u0105c poziom profesjonalizmu w naszej dzia\u0142alno\u015bci, stale pracujemy nad standardami obs\u0142ugi Klienta i jako\u015bci\u0105 oferowanych us\u0142ug. Cenimy zaufanie, jakim obdarzaj\u0105 na Klienci, powierzaj\u0105c projekty wymagaj\u0105ce wiedzy, wyczucia i zaufania. Dbamy o najwy\u017cszy poziom etyczny i traktujemy Klient\u00f3w lojalnie.<\/p><\/div><\/div>\n\n\n\n<div class=\"wp-block-uagb-container uagb-block-56e0e604 alignfull uagb-is-root-container\"><div class=\"uagb-container-inner-blocks-wrap\">\n<div class=\"wp-block-uagb-info-box uagb-block-278e9a30 uagb-infobox__content-wrap  uagb-infobox-icon-above-title uagb-infobox-image-valign-top\"><div class=\"uagb-ifb-content\"><div class=\"uagb-ifb-icon-wrap\"><svg xmlns=\"https:\/\/www.w3.org\/2000\/svg\" viewBox=\"0 0 512 512\"><path d=\"M0 256C0 114.6 114.6 0 256 0C397.4 0 512 114.6 512 256C512 397.4 397.4 512 256 512C114.6 512 0 397.4 0 256zM371.8 211.8C382.7 200.9 382.7 183.1 371.8 172.2C360.9 161.3 343.1 161.3 332.2 172.2L224 280.4L179.8 236.2C168.9 225.3 151.1 225.3 140.2 236.2C129.3 247.1 129.3 264.9 140.2 275.8L204.2 339.8C215.1 350.7 232.9 350.7 243.8 339.8L371.8 211.8z\"><\/path><\/svg><\/div><div class=\"uagb-ifb-title-wrap\"><h3 class=\"uagb-ifb-title\">Nasze dane<\/h3><\/div><p class=\"uagb-ifb-desc\">Piotr Wo\u017aniak Broker Sp. z o.o. z siedzib\u0105 przy ul. D\u0105broszy\u0144skiej 82, 66-400 Gorz\u00f3w WLKP.\u00a0<br><br>NIP 5993289088,\u00a0<br>REGON 529201482,\u00a0<br>KRS 0001116433 <\/p><\/div><\/div>\n<\/div><\/div>\n\n\n\n<div class=\"wp-block-uagb-container uagb-block-7280557b alignfull uagb-is-root-container\"><div class=\"uagb-container-inner-blocks-wrap\">\n<div class=\"wp-block-uagb-info-box uagb-block-e9fa19b2 uagb-infobox__content-wrap  uagb-infobox-icon-above-title uagb-infobox-image-valign-top\"><div class=\"uagb-ifb-content\"><div class=\"uagb-ifb-title-wrap\"><h2 class=\"uagb-ifb-title\">MASZ PYTANIA? ZADZWO\u0143 I UM\u00d3W SI\u0118 NA SPOTKANIE:<\/h2><\/div><div class=\"uagb-ifb-button-wrapper wp-block-button\"><a href=\"#\" class=\"uagb-infobox-cta-link wp-block-button__link\" target=\"_self\" rel=\"noopener noreferrer\" onclick=\"return false;\"><span class=\"uagb-inline-editing\">+48 601 509 599<\/span><\/a><\/div><\/div><\/div>\n<\/div><\/div>\n\n\n\n<p><\/p>\n","protected":false},"excerpt":{"rendered":"","protected":false},"author":1,"featured_media":0,"parent":0,"menu_order":0,"comment_status":"closed","ping_status":"closed","template":"","meta":{"_uag_custom_page_level_css":"","site-sidebar-layout":"no-sidebar","site-content-layout":"plain-container","ast-site-content-layout":"normal-width-container","site-content-style":"unboxed","site-sidebar-style":"unboxed","ast-global-header-display":"","ast-banner-title-visibility":"","ast-main-header-display":"","ast-hfb-above-header-display":"","ast-hfb-below-header-display":"","ast-hfb-mobile-header-display":"","site-post-title":"disabled","ast-breadcrumbs-content":"","ast-featured-img":"disabled","footer-sml-layout":"","ast-disable-related-posts":"","theme-transparent-header-meta":"enabled","adv-header-id-meta":"","stick-header-meta":"","header-above-stick-meta":"","header-main-stick-meta":"","header-below-stick-meta":"","astra-migrate-meta-layouts":"set","ast-page-background-enabled":"default","ast-page-background-meta":{"desktop":{"background-color":"var(--ast-global-color-4)","background-image":"","background-repeat":"repeat","background-position":"center center","background-size":"auto","background-attachment":"scroll","background-type":"","background-media":"","overlay-type":"","overlay-color":"","overlay-opacity":"","overlay-gradient":""},"tablet":{"background-color":"","background-image":"","background-repeat":"repeat","background-position":"center center","background-size":"auto","background-attachment":"scroll","background-type":"","background-media":"","overlay-type":"","overlay-color":"","overlay-opacity":"","overlay-gradient":""},"mobile":{"background-color":"","background-image":"","background-repeat":"repeat","background-position":"center center","background-size":"auto","background-attachment":"scroll","background-type":"","background-media":"","overlay-type":"","overlay-color":"","overlay-opacity":"","overlay-gradient":""}},"ast-content-background-meta":{"desktop":{"background-color":"var(--ast-global-color-5)","background-image":"","background-repeat":"repeat","background-position":"center center","background-size":"auto","background-attachment":"scroll","background-type":"","background-media":"","overlay-type":"","overlay-color":"","overlay-opacity":"","overlay-gradient":""},"tablet":{"background-color":"var(--ast-global-color-5)","background-image":"","background-repeat":"repeat","background-position":"center center","background-size":"auto","background-attachment":"scroll","background-type":"","background-media":"","overlay-type":"","overlay-color":"","overlay-opacity":"","overlay-gradient":""},"mobile":{"background-color":"var(--ast-global-color-5)","background-image":"","background-repeat":"repeat","background-position":"center center","background-size":"auto","background-attachment":"scroll","background-type":"","background-media":"","overlay-type":"","overlay-color":"","overlay-opacity":"","overlay-gradient":""}},"footnotes":""},"class_list":["post-8","page","type-page","status-publish","hentry"],"yoast_head":"<!-- This site is optimized with the Yoast SEO plugin v27.3 - https:\/\/yoast.com\/product\/yoast-seo-wordpress\/ -->\n<title>O Nas - Piotr Wo\u017cniak Broker<\/title>\n<meta name=\"robots\" content=\"index, follow, max-snippet:-1, max-image-preview:large, max-video-preview:-1\" \/>\n<link rel=\"canonical\" href=\"https:\/\/wozniak-broker.pl\/index.php\/o-nas\/\" \/>\n<meta property=\"og:locale\" content=\"pl_PL\" \/>\n<meta property=\"og:type\" content=\"article\" \/>\n<meta property=\"og:title\" content=\"O Nas - Piotr Wo\u017cniak Broker\" \/>\n<meta property=\"og:url\" content=\"https:\/\/wozniak-broker.pl\/index.php\/o-nas\/\" \/>\n<meta property=\"og:site_name\" content=\"Piotr Wo\u017cniak Broker\" \/>\n<meta property=\"article:modified_time\" content=\"2024-07-30T10:04:40+00:00\" \/>\n<meta property=\"og:image\" content=\"http:\/\/wozniak-broker.pl\/wp-content\/uploads\/2021\/04\/law-firm-team.jpg\" \/>\n<meta name=\"twitter:card\" content=\"summary_large_image\" \/>\n<meta name=\"twitter:site\" content=\"@WozniakBroker\" \/>\n<meta name=\"twitter:label1\" content=\"Szacowany czas czytania\" \/>\n\t<meta name=\"twitter:data1\" content=\"2 minuty\" \/>\n<script type=\"application\/ld+json\" class=\"yoast-schema-graph\">{\"@context\":\"https:\\\/\\\/schema.org\",\"@graph\":[{\"@type\":\"WebPage\",\"@id\":\"https:\\\/\\\/wozniak-broker.pl\\\/index.php\\\/o-nas\\\/\",\"url\":\"https:\\\/\\\/wozniak-broker.pl\\\/index.php\\\/o-nas\\\/\",\"name\":\"O Nas - Piotr Wo\u017cniak Broker\",\"isPartOf\":{\"@id\":\"https:\\\/\\\/wozniak-broker.pl\\\/#website\"},\"primaryImageOfPage\":{\"@id\":\"https:\\\/\\\/wozniak-broker.pl\\\/index.php\\\/o-nas\\\/#primaryimage\"},\"image\":{\"@id\":\"https:\\\/\\\/wozniak-broker.pl\\\/index.php\\\/o-nas\\\/#primaryimage\"},\"thumbnailUrl\":\"http:\\\/\\\/wozniak-broker.pl\\\/wp-content\\\/uploads\\\/2021\\\/04\\\/law-firm-team.jpg\",\"datePublished\":\"2023-05-14T04:41:23+00:00\",\"dateModified\":\"2024-07-30T10:04:40+00:00\",\"breadcrumb\":{\"@id\":\"https:\\\/\\\/wozniak-broker.pl\\\/index.php\\\/o-nas\\\/#breadcrumb\"},\"inLanguage\":\"pl-PL\",\"potentialAction\":[{\"@type\":\"ReadAction\",\"target\":[\"https:\\\/\\\/wozniak-broker.pl\\\/index.php\\\/o-nas\\\/\"]}]},{\"@type\":\"ImageObject\",\"inLanguage\":\"pl-PL\",\"@id\":\"https:\\\/\\\/wozniak-broker.pl\\\/index.php\\\/o-nas\\\/#primaryimage\",\"url\":\"http:\\\/\\\/wozniak-broker.pl\\\/wp-content\\\/uploads\\\/2021\\\/04\\\/law-firm-team.jpg\",\"contentUrl\":\"http:\\\/\\\/wozniak-broker.pl\\\/wp-content\\\/uploads\\\/2021\\\/04\\\/law-firm-team.jpg\"},{\"@type\":\"BreadcrumbList\",\"@id\":\"https:\\\/\\\/wozniak-broker.pl\\\/index.php\\\/o-nas\\\/#breadcrumb\",\"itemListElement\":[{\"@type\":\"ListItem\",\"position\":1,\"name\":\"Strona g\u0142\u00f3wna\",\"item\":\"https:\\\/\\\/wozniak-broker.pl\\\/\"},{\"@type\":\"ListItem\",\"position\":2,\"name\":\"O Nas\"}]},{\"@type\":\"WebSite\",\"@id\":\"https:\\\/\\\/wozniak-broker.pl\\\/#website\",\"url\":\"https:\\\/\\\/wozniak-broker.pl\\\/\",\"name\":\"Piotr Wo\u017cniak Broker\",\"description\":\"Broker ubezpieczeniowy Gorz\u00f3w Wielkopolski\",\"publisher\":{\"@id\":\"https:\\\/\\\/wozniak-broker.pl\\\/#\\\/schema\\\/person\\\/8d6b9bdba21aec3df45e8571991b461c\"},\"potentialAction\":[{\"@type\":\"SearchAction\",\"target\":{\"@type\":\"EntryPoint\",\"urlTemplate\":\"https:\\\/\\\/wozniak-broker.pl\\\/?s={search_term_string}\"},\"query-input\":{\"@type\":\"PropertyValueSpecification\",\"valueRequired\":true,\"valueName\":\"search_term_string\"}}],\"inLanguage\":\"pl-PL\"},{\"@type\":[\"Person\",\"Organization\"],\"@id\":\"https:\\\/\\\/wozniak-broker.pl\\\/#\\\/schema\\\/person\\\/8d6b9bdba21aec3df45e8571991b461c\",\"name\":\"biuro@wozniak-broker.pl\",\"image\":{\"@type\":\"ImageObject\",\"inLanguage\":\"pl-PL\",\"@id\":\"https:\\\/\\\/wozniak-broker.pl\\\/wp-content\\\/uploads\\\/2023\\\/05\\\/cropped-android-chrome-512x512-2.png\",\"url\":\"https:\\\/\\\/wozniak-broker.pl\\\/wp-content\\\/uploads\\\/2023\\\/05\\\/cropped-android-chrome-512x512-2.png\",\"contentUrl\":\"https:\\\/\\\/wozniak-broker.pl\\\/wp-content\\\/uploads\\\/2023\\\/05\\\/cropped-android-chrome-512x512-2.png\",\"width\":512,\"height\":512,\"caption\":\"biuro@wozniak-broker.pl\"},\"logo\":{\"@id\":\"https:\\\/\\\/wozniak-broker.pl\\\/wp-content\\\/uploads\\\/2023\\\/05\\\/cropped-android-chrome-512x512-2.png\"},\"sameAs\":[\"https:\\\/\\\/wozniak-broker.pl\"]}]}<\/script>\n<!-- \/ Yoast SEO plugin. -->","yoast_head_json":{"title":"O Nas - Piotr Wo\u017cniak Broker","robots":{"index":"index","follow":"follow","max-snippet":"max-snippet:-1","max-image-preview":"max-image-preview:large","max-video-preview":"max-video-preview:-1"},"canonical":"https:\/\/wozniak-broker.pl\/index.php\/o-nas\/","og_locale":"pl_PL","og_type":"article","og_title":"O Nas - Piotr Wo\u017cniak Broker","og_url":"https:\/\/wozniak-broker.pl\/index.php\/o-nas\/","og_site_name":"Piotr Wo\u017cniak Broker","article_modified_time":"2024-07-30T10:04:40+00:00","og_image":[{"url":"http:\/\/wozniak-broker.pl\/wp-content\/uploads\/2021\/04\/law-firm-team.jpg","type":"","width":"","height":""}],"twitter_card":"summary_large_image","twitter_site":"@WozniakBroker","twitter_misc":{"Szacowany czas czytania":"2 minuty"},"schema":{"@context":"https:\/\/schema.org","@graph":[{"@type":"WebPage","@id":"https:\/\/wozniak-broker.pl\/index.php\/o-nas\/","url":"https:\/\/wozniak-broker.pl\/index.php\/o-nas\/","name":"O Nas - Piotr Wo\u017cniak Broker","isPartOf":{"@id":"https:\/\/wozniak-broker.pl\/#website"},"primaryImageOfPage":{"@id":"https:\/\/wozniak-broker.pl\/index.php\/o-nas\/#primaryimage"},"image":{"@id":"https:\/\/wozniak-broker.pl\/index.php\/o-nas\/#primaryimage"},"thumbnailUrl":"http:\/\/wozniak-broker.pl\/wp-content\/uploads\/2021\/04\/law-firm-team.jpg","datePublished":"2023-05-14T04:41:23+00:00","dateModified":"2024-07-30T10:04:40+00:00","breadcrumb":{"@id":"https:\/\/wozniak-broker.pl\/index.php\/o-nas\/#breadcrumb"},"inLanguage":"pl-PL","potentialAction":[{"@type":"ReadAction","target":["https:\/\/wozniak-broker.pl\/index.php\/o-nas\/"]}]},{"@type":"ImageObject","inLanguage":"pl-PL","@id":"https:\/\/wozniak-broker.pl\/index.php\/o-nas\/#primaryimage","url":"http:\/\/wozniak-broker.pl\/wp-content\/uploads\/2021\/04\/law-firm-team.jpg","contentUrl":"http:\/\/wozniak-broker.pl\/wp-content\/uploads\/2021\/04\/law-firm-team.jpg"},{"@type":"BreadcrumbList","@id":"https:\/\/wozniak-broker.pl\/index.php\/o-nas\/#breadcrumb","itemListElement":[{"@type":"ListItem","position":1,"name":"Strona g\u0142\u00f3wna","item":"https:\/\/wozniak-broker.pl\/"},{"@type":"ListItem","position":2,"name":"O Nas"}]},{"@type":"WebSite","@id":"https:\/\/wozniak-broker.pl\/#website","url":"https:\/\/wozniak-broker.pl\/","name":"Piotr Wo\u017cniak Broker","description":"Broker ubezpieczeniowy Gorz\u00f3w Wielkopolski","publisher":{"@id":"https:\/\/wozniak-broker.pl\/#\/schema\/person\/8d6b9bdba21aec3df45e8571991b461c"},"potentialAction":[{"@type":"SearchAction","target":{"@type":"EntryPoint","urlTemplate":"https:\/\/wozniak-broker.pl\/?s={search_term_string}"},"query-input":{"@type":"PropertyValueSpecification","valueRequired":true,"valueName":"search_term_string"}}],"inLanguage":"pl-PL"},{"@type":["Person","Organization"],"@id":"https:\/\/wozniak-broker.pl\/#\/schema\/person\/8d6b9bdba21aec3df45e8571991b461c","name":"biuro@wozniak-broker.pl","image":{"@type":"ImageObject","inLanguage":"pl-PL","@id":"https:\/\/wozniak-broker.pl\/wp-content\/uploads\/2023\/05\/cropped-android-chrome-512x512-2.png","url":"https:\/\/wozniak-broker.pl\/wp-content\/uploads\/2023\/05\/cropped-android-chrome-512x512-2.png","contentUrl":"https:\/\/wozniak-broker.pl\/wp-content\/uploads\/2023\/05\/cropped-android-chrome-512x512-2.png","width":512,"height":512,"caption":"biuro@wozniak-broker.pl"},"logo":{"@id":"https:\/\/wozniak-broker.pl\/wp-content\/uploads\/2023\/05\/cropped-android-chrome-512x512-2.png"},"sameAs":["https:\/\/wozniak-broker.pl"]}]}},"uagb_featured_image_src":{"full":false,"thumbnail":false,"medium":false,"medium_large":false,"large":false,"1536x1536":false,"2048x2048":false},"uagb_author_info":{"display_name":"biuro@wozniak-broker.pl","author_link":"https:\/\/wozniak-broker.pl\/index.php\/author\/biurowozniak-broker-pl\/"},"uagb_comment_info":0,"uagb_excerpt":null,"_links":{"self":[{"href":"https:\/\/wozniak-broker.pl\/index.php\/wp-json\/wp\/v2\/pages\/8","targetHints":{"allow":["GET"]}}],"collection":[{"href":"https:\/\/wozniak-broker.pl\/index.php\/wp-json\/wp\/v2\/pages"}],"about":[{"href":"https:\/\/wozniak-broker.pl\/index.php\/wp-json\/wp\/v2\/types\/page"}],"author":[{"embeddable":true,"href":"https:\/\/wozniak-broker.pl\/index.php\/wp-json\/wp\/v2\/users\/1"}],"replies":[{"embeddable":true,"href":"https:\/\/wozniak-broker.pl\/index.php\/wp-json\/wp\/v2\/comments?post=8"}],"version-history":[{"count":8,"href":"https:\/\/wozniak-broker.pl\/index.php\/wp-json\/wp\/v2\/pages\/8\/revisions"}],"predecessor-version":[{"id":1677,"href":"https:\/\/wozniak-broker.pl\/index.php\/wp-json\/wp\/v2\/pages\/8\/revisions\/1677"}],"wp:attachment":[{"href":"https:\/\/wozniak-broker.pl\/index.php\/wp-json\/wp\/v2\/media?parent=8"}],"curies":[{"name":"wp","href":"https:\/\/api.w.org\/{rel}","templated":true}]}}