{"id":3,"date":"2023-05-13T10:24:17","date_gmt":"2023-05-13T08:24:17","guid":{"rendered":"http:\/\/wozniak-broker.pl\/?page_id=3"},"modified":"2023-05-14T05:23:27","modified_gmt":"2023-05-14T03:23:27","slug":"polityka-prywatnosci","status":"publish","type":"page","link":"https:\/\/wozniak-broker.pl\/index.php\/polityka-prywatnosci\/","title":{"rendered":"Polityka prywatno\u015bci"},"content":{"rendered":"\n<p>Polityka prywatno\u015bci serwisu www.wozniak-broker.pl<\/p>\n<ol>\n<li>Informacje og\u00f3lne<\/li>\n<\/ol>\n<p>Niniejsza Polityka Prywatno\u015bci okre\u015bla zasady przetwarzania i ochrony danych osobowych przekazanych przez U\u017cytkownik\u00f3w w zwi\u0105zku z korzystaniem przez nich us\u0142ug Wo\u017aniak Broker poprzez Serwis.<\/p>\n<p>2. Administratorem danych osobowych zawartych w serwisie jest Piotr Wo\u017aniak.<\/p>\n<p>3. W trosce o bezpiecze\u0144stwo powierzonych nam danych opracowali\u015bmy wewn\u0119trzne procedury i zalecenia, kt\u00f3re maj\u0105 zapobiec udost\u0119pnieniu danych osobom nieupowa\u017cnionym. Kontrolujemy ich wykonywanie i stale sprawdzamy ich zgodno\u015b\u0107 z odpowiednimi aktami prawnymi \u2014 ustaw\u0105 o ochronie danych osobowych, ustaw\u0105 o \u015bwiadczeniu us\u0142ug drog\u0105 elektroniczn\u0105, a tak\u017ce wszelkiego rodzaju aktach wykonawczych i aktach prawa wsp\u00f3lnotowego.<\/p>\n<p>4. Dane Osobowe przetwarzane s\u0105 na podstawie zgody wyra\u017canej przez U\u017cytkownika oraz w przypadkach, w kt\u00f3rych przepisy prawa upowa\u017cniaj\u0105 Administratora do przetwarzania danych osobowych na podstawie przepis\u00f3w prawa lub w celu realizacji zawartej pomi\u0119dzy stronami umowy.<\/p>\n<p>5. Serwis realizuje funkcje pozyskiwania informacji o u\u017cytkownikach i ich zachowaniach w nast\u0119puj\u0105cy spos\u00f3b:<\/p>\n<ol>\n<li>poprzez dobrowolnie wprowadzone w formularzach informacje<\/li>\n<li>poprzez gromadzenie plik\u00f3w \u201ccookies\u201d [patrz polityka plik\u00f3w \u201ccookies\u201d].<\/li>\n<\/ol>\n<p>6. Serwis zbiera informacje dobrowolnie podane przez u\u017cytkownika.<\/p>\n<p>7. dane podane w formularzu s\u0105 przetwarzane w celu wynikaj\u0105cym z funkcji konkretnego formularza np. w celu dokonania procesu obs\u0142ugi kontaktu informacyjnego.<\/p>\n<p>8. Dane osobowe pozostawione w serwisie nie zostan\u0105 sprzedane ani udost\u0119pnione osobom trzecim, zgodnie z przepisami Ustawy o ochronie danych osobowych.<\/p>\n<p>9. Do danych zawartych w formularzu przys\u0142uguje wgl\u0105d osobie fizycznej, kt\u00f3ra je tam umie\u015bci\u0142a. Osoba ta ma r\u00f3wnie\u017c praw do modyfikacji i zaprzestania przetwarzania swoich danych w dowolnym momencie.<\/p>\n<p>10. Zastrzegamy sobie prawo do zmiany w polityce ochrony prywatno\u015bci serwisu, na kt\u00f3re mo\u017ce wp\u0142yn\u0105\u0107 rozw\u00f3j technologii internetowej, ewentualne zmiany prawa w zakresie ochrony danych osobowych oraz rozw\u00f3j naszego serwisu internetowego. O wszelkich zmianach b\u0119dziemy informowa\u0107 w spos\u00f3b widoczny i zrozumia\u0142y.<\/p>\n<p>11. W Serwisie mog\u0105 pojawia\u0107 si\u0119 linki do innych stron internetowych. Takie strony internetowe dzia\u0142aj\u0105 niezale\u017cnie od Serwisu i nie s\u0105 w \u017caden spos\u00f3b nadzorowane przez serwis Wo\u017aniak Broker. Strony te mog\u0105 posiada\u0107 w\u0142asne polityki dotycz\u0105ce prywatno\u015bci oraz regulaminy, z kt\u00f3rymi zalecamy si\u0119 zapozna\u0107.<\/p>\n<p>W razie w\u0105tpliwo\u015bci co kt\u00f3regokolwiek z zapis\u00f3w niniejszej polityki prywatno\u015bci jeste\u015bmy do dyspozycji \u2014 nasze dane znale\u017a\u0107 mo\u017cna w zak\u0142adce \u2014 KONTAKT.<\/p>\n","protected":false},"excerpt":{"rendered":"<p>Polityka prywatno\u015bci serwisu www.wozniak-broker.pl Informacje og\u00f3lne Niniejsza Polityka Prywatno\u015bci okre\u015bla zasady przetwarzania i ochrony danych osobowych przekazanych przez U\u017cytkownik\u00f3w w zwi\u0105zku z korzystaniem przez nich us\u0142ug Wo\u017aniak Broker poprzez Serwis. 2. Administratorem danych osobowych zawartych w serwisie jest Piotr Wo\u017aniak. 3. W trosce o bezpiecze\u0144stwo powierzonych nam danych opracowali\u015bmy wewn\u0119trzne procedury i zalecenia, kt\u00f3re maj\u0105 [&hellip;]<\/p>\n","protected":false},"author":1,"featured_media":0,"parent":0,"menu_order":0,"comment_status":"closed","ping_status":"closed","template":"","meta":{"_uag_custom_page_level_css":"","site-sidebar-layout":"default","site-content-layout":"","ast-site-content-layout":"default","site-content-style":"default","site-sidebar-style":"default","ast-global-header-display":"","ast-banner-title-visibility":"","ast-main-header-display":"","ast-hfb-above-header-display":"","ast-hfb-below-header-display":"","ast-hfb-mobile-header-display":"","site-post-title":"","ast-breadcrumbs-content":"","ast-featured-img":"","footer-sml-layout":"","ast-disable-related-posts":"","theme-transparent-header-meta":"","adv-header-id-meta":"","stick-header-meta":"","header-above-stick-meta":"","header-main-stick-meta":"","header-below-stick-meta":"","astra-migrate-meta-layouts":"default","ast-page-background-enabled":"default","ast-page-background-meta":{"desktop":{"background-color":"var(--ast-global-color-4)","background-image":"","background-repeat":"repeat","background-position":"center center","background-size":"auto","background-attachment":"scroll","background-type":"","background-media":"","overlay-type":"","overlay-color":"","overlay-opacity":"","overlay-gradient":""},"tablet":{"background-color":"","background-image":"","background-repeat":"repeat","background-position":"center center","background-size":"auto","background-attachment":"scroll","background-type":"","background-media":"","overlay-type":"","overlay-color":"","overlay-opacity":"","overlay-gradient":""},"mobile":{"background-color":"","background-image":"","background-repeat":"repeat","background-position":"center center","background-size":"auto","background-attachment":"scroll","background-type":"","background-media":"","overlay-type":"","overlay-color":"","overlay-opacity":"","overlay-gradient":""}},"ast-content-background-meta":{"desktop":{"background-color":"var(--ast-global-color-5)","background-image":"","background-repeat":"repeat","background-position":"center center","background-size":"auto","background-attachment":"scroll","background-type":"","background-media":"","overlay-type":"","overlay-color":"","overlay-opacity":"","overlay-gradient":""},"tablet":{"background-color":"var(--ast-global-color-5)","background-image":"","background-repeat":"repeat","background-position":"center center","background-size":"auto","background-attachment":"scroll","background-type":"","background-media":"","overlay-type":"","overlay-color":"","overlay-opacity":"","overlay-gradient":""},"mobile":{"background-color":"var(--ast-global-color-5)","background-image":"","background-repeat":"repeat","background-position":"center center","background-size":"auto","background-attachment":"scroll","background-type":"","background-media":"","overlay-type":"","overlay-color":"","overlay-opacity":"","overlay-gradient":""}},"footnotes":""},"class_list":["post-3","page","type-page","status-publish","hentry"],"yoast_head":"<!-- This site is optimized with the Yoast SEO plugin v27.3 - https:\/\/yoast.com\/product\/yoast-seo-wordpress\/ -->\n<title>Polityka prywatno\u015bci - Piotr Wo\u017cniak Broker<\/title>\n<meta name=\"robots\" content=\"index, follow, max-snippet:-1, max-image-preview:large, max-video-preview:-1\" \/>\n<link rel=\"canonical\" href=\"https:\/\/wozniak-broker.pl\/index.php\/polityka-prywatnosci\/\" \/>\n<meta property=\"og:locale\" content=\"pl_PL\" \/>\n<meta property=\"og:type\" content=\"article\" \/>\n<meta property=\"og:title\" content=\"Polityka prywatno\u015bci - Piotr Wo\u017cniak Broker\" \/>\n<meta property=\"og:description\" content=\"Polityka prywatno\u015bci serwisu www.wozniak-broker.pl Informacje og\u00f3lne Niniejsza Polityka Prywatno\u015bci okre\u015bla zasady przetwarzania i ochrony danych osobowych przekazanych przez U\u017cytkownik\u00f3w w zwi\u0105zku z korzystaniem przez nich us\u0142ug Wo\u017aniak Broker poprzez Serwis. 2. Administratorem danych osobowych zawartych w serwisie jest Piotr Wo\u017aniak. 3. W trosce o bezpiecze\u0144stwo powierzonych nam danych opracowali\u015bmy wewn\u0119trzne procedury i zalecenia, kt\u00f3re maj\u0105 [&hellip;]\" \/>\n<meta property=\"og:url\" content=\"https:\/\/wozniak-broker.pl\/index.php\/polityka-prywatnosci\/\" \/>\n<meta property=\"og:site_name\" content=\"Piotr Wo\u017cniak Broker\" \/>\n<meta property=\"article:modified_time\" content=\"2023-05-14T03:23:27+00:00\" \/>\n<meta name=\"twitter:card\" content=\"summary_large_image\" \/>\n<meta name=\"twitter:site\" content=\"@WozniakBroker\" \/>\n<meta name=\"twitter:label1\" content=\"Szacowany czas czytania\" \/>\n\t<meta name=\"twitter:data1\" content=\"2 minuty\" \/>\n<script type=\"application\/ld+json\" class=\"yoast-schema-graph\">{\"@context\":\"https:\\\/\\\/schema.org\",\"@graph\":[{\"@type\":\"WebPage\",\"@id\":\"https:\\\/\\\/wozniak-broker.pl\\\/index.php\\\/polityka-prywatnosci\\\/\",\"url\":\"https:\\\/\\\/wozniak-broker.pl\\\/index.php\\\/polityka-prywatnosci\\\/\",\"name\":\"Polityka prywatno\u015bci - Piotr Wo\u017cniak Broker\",\"isPartOf\":{\"@id\":\"https:\\\/\\\/wozniak-broker.pl\\\/#website\"},\"datePublished\":\"2023-05-13T08:24:17+00:00\",\"dateModified\":\"2023-05-14T03:23:27+00:00\",\"breadcrumb\":{\"@id\":\"https:\\\/\\\/wozniak-broker.pl\\\/index.php\\\/polityka-prywatnosci\\\/#breadcrumb\"},\"inLanguage\":\"pl-PL\",\"potentialAction\":[{\"@type\":\"ReadAction\",\"target\":[\"https:\\\/\\\/wozniak-broker.pl\\\/index.php\\\/polityka-prywatnosci\\\/\"]}]},{\"@type\":\"BreadcrumbList\",\"@id\":\"https:\\\/\\\/wozniak-broker.pl\\\/index.php\\\/polityka-prywatnosci\\\/#breadcrumb\",\"itemListElement\":[{\"@type\":\"ListItem\",\"position\":1,\"name\":\"Strona g\u0142\u00f3wna\",\"item\":\"https:\\\/\\\/wozniak-broker.pl\\\/\"},{\"@type\":\"ListItem\",\"position\":2,\"name\":\"Polityka prywatno\u015bci\"}]},{\"@type\":\"WebSite\",\"@id\":\"https:\\\/\\\/wozniak-broker.pl\\\/#website\",\"url\":\"https:\\\/\\\/wozniak-broker.pl\\\/\",\"name\":\"Piotr Wo\u017cniak Broker\",\"description\":\"Broker ubezpieczeniowy Gorz\u00f3w Wielkopolski\",\"publisher\":{\"@id\":\"https:\\\/\\\/wozniak-broker.pl\\\/#\\\/schema\\\/person\\\/8d6b9bdba21aec3df45e8571991b461c\"},\"potentialAction\":[{\"@type\":\"SearchAction\",\"target\":{\"@type\":\"EntryPoint\",\"urlTemplate\":\"https:\\\/\\\/wozniak-broker.pl\\\/?s={search_term_string}\"},\"query-input\":{\"@type\":\"PropertyValueSpecification\",\"valueRequired\":true,\"valueName\":\"search_term_string\"}}],\"inLanguage\":\"pl-PL\"},{\"@type\":[\"Person\",\"Organization\"],\"@id\":\"https:\\\/\\\/wozniak-broker.pl\\\/#\\\/schema\\\/person\\\/8d6b9bdba21aec3df45e8571991b461c\",\"name\":\"biuro@wozniak-broker.pl\",\"image\":{\"@type\":\"ImageObject\",\"inLanguage\":\"pl-PL\",\"@id\":\"https:\\\/\\\/wozniak-broker.pl\\\/wp-content\\\/uploads\\\/2023\\\/05\\\/cropped-android-chrome-512x512-2.png\",\"url\":\"https:\\\/\\\/wozniak-broker.pl\\\/wp-content\\\/uploads\\\/2023\\\/05\\\/cropped-android-chrome-512x512-2.png\",\"contentUrl\":\"https:\\\/\\\/wozniak-broker.pl\\\/wp-content\\\/uploads\\\/2023\\\/05\\\/cropped-android-chrome-512x512-2.png\",\"width\":512,\"height\":512,\"caption\":\"biuro@wozniak-broker.pl\"},\"logo\":{\"@id\":\"https:\\\/\\\/wozniak-broker.pl\\\/wp-content\\\/uploads\\\/2023\\\/05\\\/cropped-android-chrome-512x512-2.png\"},\"sameAs\":[\"https:\\\/\\\/wozniak-broker.pl\"]}]}<\/script>\n<!-- \/ Yoast SEO plugin. -->","yoast_head_json":{"title":"Polityka prywatno\u015bci - Piotr Wo\u017cniak Broker","robots":{"index":"index","follow":"follow","max-snippet":"max-snippet:-1","max-image-preview":"max-image-preview:large","max-video-preview":"max-video-preview:-1"},"canonical":"https:\/\/wozniak-broker.pl\/index.php\/polityka-prywatnosci\/","og_locale":"pl_PL","og_type":"article","og_title":"Polityka prywatno\u015bci - Piotr Wo\u017cniak Broker","og_description":"Polityka prywatno\u015bci serwisu www.wozniak-broker.pl Informacje og\u00f3lne Niniejsza Polityka Prywatno\u015bci okre\u015bla zasady przetwarzania i ochrony danych osobowych przekazanych przez U\u017cytkownik\u00f3w w zwi\u0105zku z korzystaniem przez nich us\u0142ug Wo\u017aniak Broker poprzez Serwis. 2. Administratorem danych osobowych zawartych w serwisie jest Piotr Wo\u017aniak. 3. W trosce o bezpiecze\u0144stwo powierzonych nam danych opracowali\u015bmy wewn\u0119trzne procedury i zalecenia, kt\u00f3re maj\u0105 [&hellip;]","og_url":"https:\/\/wozniak-broker.pl\/index.php\/polityka-prywatnosci\/","og_site_name":"Piotr Wo\u017cniak Broker","article_modified_time":"2023-05-14T03:23:27+00:00","twitter_card":"summary_large_image","twitter_site":"@WozniakBroker","twitter_misc":{"Szacowany czas czytania":"2 minuty"},"schema":{"@context":"https:\/\/schema.org","@graph":[{"@type":"WebPage","@id":"https:\/\/wozniak-broker.pl\/index.php\/polityka-prywatnosci\/","url":"https:\/\/wozniak-broker.pl\/index.php\/polityka-prywatnosci\/","name":"Polityka prywatno\u015bci - Piotr Wo\u017cniak Broker","isPartOf":{"@id":"https:\/\/wozniak-broker.pl\/#website"},"datePublished":"2023-05-13T08:24:17+00:00","dateModified":"2023-05-14T03:23:27+00:00","breadcrumb":{"@id":"https:\/\/wozniak-broker.pl\/index.php\/polityka-prywatnosci\/#breadcrumb"},"inLanguage":"pl-PL","potentialAction":[{"@type":"ReadAction","target":["https:\/\/wozniak-broker.pl\/index.php\/polityka-prywatnosci\/"]}]},{"@type":"BreadcrumbList","@id":"https:\/\/wozniak-broker.pl\/index.php\/polityka-prywatnosci\/#breadcrumb","itemListElement":[{"@type":"ListItem","position":1,"name":"Strona g\u0142\u00f3wna","item":"https:\/\/wozniak-broker.pl\/"},{"@type":"ListItem","position":2,"name":"Polityka prywatno\u015bci"}]},{"@type":"WebSite","@id":"https:\/\/wozniak-broker.pl\/#website","url":"https:\/\/wozniak-broker.pl\/","name":"Piotr Wo\u017cniak Broker","description":"Broker ubezpieczeniowy Gorz\u00f3w Wielkopolski","publisher":{"@id":"https:\/\/wozniak-broker.pl\/#\/schema\/person\/8d6b9bdba21aec3df45e8571991b461c"},"potentialAction":[{"@type":"SearchAction","target":{"@type":"EntryPoint","urlTemplate":"https:\/\/wozniak-broker.pl\/?s={search_term_string}"},"query-input":{"@type":"PropertyValueSpecification","valueRequired":true,"valueName":"search_term_string"}}],"inLanguage":"pl-PL"},{"@type":["Person","Organization"],"@id":"https:\/\/wozniak-broker.pl\/#\/schema\/person\/8d6b9bdba21aec3df45e8571991b461c","name":"biuro@wozniak-broker.pl","image":{"@type":"ImageObject","inLanguage":"pl-PL","@id":"https:\/\/wozniak-broker.pl\/wp-content\/uploads\/2023\/05\/cropped-android-chrome-512x512-2.png","url":"https:\/\/wozniak-broker.pl\/wp-content\/uploads\/2023\/05\/cropped-android-chrome-512x512-2.png","contentUrl":"https:\/\/wozniak-broker.pl\/wp-content\/uploads\/2023\/05\/cropped-android-chrome-512x512-2.png","width":512,"height":512,"caption":"biuro@wozniak-broker.pl"},"logo":{"@id":"https:\/\/wozniak-broker.pl\/wp-content\/uploads\/2023\/05\/cropped-android-chrome-512x512-2.png"},"sameAs":["https:\/\/wozniak-broker.pl"]}]}},"uagb_featured_image_src":{"full":false,"thumbnail":false,"medium":false,"medium_large":false,"large":false,"1536x1536":false,"2048x2048":false},"uagb_author_info":{"display_name":"biuro@wozniak-broker.pl","author_link":"https:\/\/wozniak-broker.pl\/index.php\/author\/biurowozniak-broker-pl\/"},"uagb_comment_info":0,"uagb_excerpt":"Polityka prywatno\u015bci serwisu www.wozniak-broker.pl Informacje og\u00f3lne Niniejsza Polityka Prywatno\u015bci okre\u015bla zasady przetwarzania i ochrony danych osobowych przekazanych przez U\u017cytkownik\u00f3w w zwi\u0105zku z korzystaniem przez nich us\u0142ug Wo\u017aniak Broker poprzez Serwis. 2. Administratorem danych osobowych zawartych w serwisie jest Piotr Wo\u017aniak. 3. W trosce o bezpiecze\u0144stwo powierzonych nam danych opracowali\u015bmy wewn\u0119trzne procedury i zalecenia, kt\u00f3re maj\u0105&hellip;","_links":{"self":[{"href":"https:\/\/wozniak-broker.pl\/index.php\/wp-json\/wp\/v2\/pages\/3","targetHints":{"allow":["GET"]}}],"collection":[{"href":"https:\/\/wozniak-broker.pl\/index.php\/wp-json\/wp\/v2\/pages"}],"about":[{"href":"https:\/\/wozniak-broker.pl\/index.php\/wp-json\/wp\/v2\/types\/page"}],"author":[{"embeddable":true,"href":"https:\/\/wozniak-broker.pl\/index.php\/wp-json\/wp\/v2\/users\/1"}],"replies":[{"embeddable":true,"href":"https:\/\/wozniak-broker.pl\/index.php\/wp-json\/wp\/v2\/comments?post=3"}],"version-history":[{"count":6,"href":"https:\/\/wozniak-broker.pl\/index.php\/wp-json\/wp\/v2\/pages\/3\/revisions"}],"predecessor-version":[{"id":36,"href":"https:\/\/wozniak-broker.pl\/index.php\/wp-json\/wp\/v2\/pages\/3\/revisions\/36"}],"wp:attachment":[{"href":"https:\/\/wozniak-broker.pl\/index.php\/wp-json\/wp\/v2\/media?parent=3"}],"curies":[{"name":"wp","href":"https:\/\/api.w.org\/{rel}","templated":true}]}}