{"id":1516,"date":"2023-05-14T06:41:42","date_gmt":"2023-05-14T04:41:42","guid":{"rendered":"https:\/\/wozniak-broker.pl\/index.php\/contact\/"},"modified":"2024-07-30T12:02:07","modified_gmt":"2024-07-30T10:02:07","slug":"kontakt","status":"publish","type":"page","link":"https:\/\/wozniak-broker.pl\/index.php\/kontakt\/","title":{"rendered":"Kontakt"},"content":{"rendered":"\n<div class=\"wp-block-uagb-container uagb-block-c5d60514 alignfull uagb-is-root-container\"><div class=\"uagb-container-inner-blocks-wrap\">\n<div class=\"wp-block-uagb-info-box uagb-block-f5a9d797 uagb-infobox__content-wrap  uagb-infobox-icon-above-title uagb-infobox-image-valign-top\"><div class=\"uagb-ifb-content\"><div class=\"uagb-ifb-title-wrap\"><div class=\"uagb-ifb-separator\"><\/div><h1 class=\"uagb-ifb-title\">Kancelaria brokerska Licencjonowany broker ubezpieczeniowy<\/h1><\/div><\/div><\/div>\n<\/div><\/div>\n\n\n\n<div class=\"wp-block-uagb-container uagb-block-04c0c272 alignfull uagb-is-root-container\"><\/div>\n\n\n\n<div class=\"wp-block-uagb-container uagb-block-a28d86a7 alignfull uagb-is-root-container\"><div class=\"uagb-container-inner-blocks-wrap\">\n<div class=\"wp-block-uagb-container uagb-block-2cda5c4f\">\n<div class=\"wp-block-uagb-info-box uagb-block-92b45d7f uagb-infobox__content-wrap  uagb-infobox-icon-above-title uagb-infobox-image-valign-top\"><div class=\"uagb-ifb-content\"><div class=\"uagb-ifb-icon-wrap\"><svg xmlns=\"https:\/\/www.w3.org\/2000\/svg\" viewBox=\"0 0 512 512\"><path d=\"M447 56.25C443.5 42 430.7 31.1 416 31.1H96c-14.69 0-27.47 10-31.03 24.25L3.715 304.9C1.247 314.9 0 325.2 0 335.5v96.47c0 26.51 21.49 48 48 48h416c26.51 0 48-21.49 48-48v-96.47c0-10.32-1.247-20.6-3.715-30.61L447 56.25zM352 352H160L128 288H72.97L121 96h270l48.03 192H384L352 352z\"><\/path><\/svg><\/div><div class=\"uagb-ifb-title-wrap\"><h4 class=\"uagb-ifb-title\">Email Adres<\/h4><\/div><p class=\"uagb-ifb-desc\">biuro@wozniak-broker.pl<br><\/p><\/div><\/div>\n<\/div>\n\n\n\n<div class=\"wp-block-uagb-container uagb-block-9d66f725\">\n<div class=\"wp-block-uagb-info-box uagb-block-6da904c2 uagb-infobox__content-wrap  uagb-infobox-icon-above-title uagb-infobox-image-valign-top\"><div class=\"uagb-ifb-content\"><div class=\"uagb-ifb-icon-wrap\"><svg xmlns=\"https:\/\/www.w3.org\/2000\/svg\" viewBox=\"0 0 512 512\"><path d=\"M511.2 387l-23.25 100.8c-3.266 14.25-15.79 24.22-30.46 24.22C205.2 512 0 306.8 0 54.5c0-14.66 9.969-27.2 24.22-30.45l100.8-23.25C139.7-2.602 154.7 5.018 160.8 18.92l46.52 108.5c5.438 12.78 1.77 27.67-8.98 36.45L144.5 207.1c33.98 69.22 90.26 125.5 159.5 159.5l44.08-53.8c8.688-10.78 23.69-14.51 36.47-8.975l108.5 46.51C506.1 357.2 514.6 372.4 511.2 387z\"><\/path><\/svg><\/div><div class=\"uagb-ifb-title-wrap\"><h4 class=\"uagb-ifb-title\">Telefony<\/h4><\/div><p class=\"uagb-ifb-desc\">+48 95 7206 120<br>+48 601 509 599<\/p><\/div><\/div>\n<\/div>\n\n\n\n<div class=\"wp-block-uagb-container uagb-block-14d8f315\">\n<div class=\"wp-block-uagb-info-box uagb-block-0fa6d872 uagb-infobox__content-wrap  uagb-infobox-icon-above-title uagb-infobox-image-valign-top\"><div class=\"uagb-ifb-content\"><div class=\"uagb-ifb-icon-wrap\"><svg xmlns=\"https:\/\/www.w3.org\/2000\/svg\" viewBox=\"0 0 384 512\"><path d=\"M168.3 499.2C116.1 435 0 279.4 0 192C0 85.96 85.96 0 192 0C298 0 384 85.96 384 192C384 279.4 267 435 215.7 499.2C203.4 514.5 180.6 514.5 168.3 499.2H168.3zM192 256C227.3 256 256 227.3 256 192C256 156.7 227.3 128 192 128C156.7 128 128 156.7 128 192C128 227.3 156.7 256 192 256z\"><\/path><\/svg><\/div><div class=\"uagb-ifb-title-wrap\"><h4 class=\"uagb-ifb-title\">Kancelaria<\/h4><\/div><p class=\"uagb-ifb-desc\">Boles\u0142awa Krzywoustego 4a<br>66-400 Gorz\u00f3w Wielkopolski<\/p><\/div><\/div>\n<\/div>\n<\/div><\/div>\n\n\n\n<div class=\"wp-block-uagb-container uagb-block-b88f0b21 alignfull uagb-is-root-container\"><div class=\"uagb-container-inner-blocks-wrap\">\n<div class=\"wp-block-uagb-container uagb-block-7cf32484\">\n<div class=\"wp-block-uagb-info-box uagb-block-118bbbdc uagb-infobox__content-wrap  uagb-infobox-icon-above-title uagb-infobox-image-valign-top\"><div class=\"uagb-ifb-content\"><div class=\"uagb-ifb-title-wrap\"><div class=\"uagb-ifb-separator\"><\/div><h2 class=\"uagb-ifb-title\">Informacje<\/h2><\/div><p class=\"uagb-ifb-desc\">Informujemy, \u017ce Administratorem Pa\u0144stwa danych osobowych jest Piotr Wo\u017aniak Broker Sp. z o.o. z siedzib\u0105 przy ul. D\u0105broszy\u0144skiej 82, 66-400 Gorz\u00f3w WLKP.\u00a0NIP <br>5993289088,\u00a0REGON <br>529201482,\u00a0KRS 0001116433 <br>Pytania w zakresie danych osobowych mo\u017cna kierowa\u0107 do Administratora na adres: biuro@wozniak-broker.pl<br><br>Dane osobowe b\u0119d\u0105 wykorzystywane wy\u0142\u0105cznie w celu:<br>&#8211; <strong>skontaktowania si\u0119 i\u00a0udzielenia odpowiedzi<\/strong><br>&#8211; <strong>skontaktowania si\u0119 celem z\u0142o\u017cenia oferty<\/strong><br>&#8211; <strong>podj\u0119cia innych dzia\u0142a\u0144 na \u017c\u0105danie osoby, kt\u00f3rej dane dotycz\u0105<\/strong><br>&#8211; <strong>nale\u017cytego wykonania umowy<\/strong><br><br>Informujemy o przys\u0142uguj\u0105cym Pani\/Panu prawie dost\u0119pu do Pani\/Pana danych osobowych, ich sprostowania, usuni\u0119cia lub ograniczenia ich przetwarzania, wniesienia sprzeciwu wobec przetwarzania, do przenoszenia danych, a tak\u017ce o prawie do cofni\u0119cia zgody w dowolnym momencie bez wp\u0142ywu na zgodno\u015b\u0107 z prawem przetwarzania, kt\u00f3rego dokonano na podstawie zgody przed jej cofni\u0119ciem. Maj\u0105 Pa\u0144stwo r\u00f3wnie\u017c prawo wniesienia skargi do organu nadzorczego.<br><br>Podanie danych osobowych jest dobrowolne, ale jest warunkiem niezb\u0119dnym do:<br>Dane osobowe b\u0119d\u0105 wykorzystywane wy\u0142\u0105cznie w celu:<br>&#8211; <strong>skontaktowania si\u0119 i\u00a0udzielenia odpowiedzi<\/strong><br>&#8211; <strong>skontaktowania si\u0119 celem z\u0142o\u017cenia oferty<\/strong><br>&#8211; <strong>podj\u0119cia innych dzia\u0142a\u0144 na \u017c\u0105danie osoby, kt\u00f3rej dane dotycz\u0105<\/strong><br>&#8211; <strong>nale\u017cytego wykonania umowy<\/strong><br><br>Dane osobowe b\u0119d\u0105 wykorzystywane wy\u0142\u0105cznie w celu:<br>&#8211; <strong>skontaktowania si\u0119 i\u00a0udzielenia odpowiedzi<\/strong><br>&#8211; <strong>skontaktowania si\u0119 celem z\u0142o\u017cenia oferty<\/strong><br>&#8211; <strong>podj\u0119cia innych dzia\u0142a\u0144 na \u017c\u0105danie osoby, kt\u00f3rej dane dotycz\u0105<\/strong><br>&#8211; <strong>nale\u017cytego wykonania umowy<\/strong><br><br><strong><a href=\"https:\/\/wozniak-broker.pl\/index.php\/polityka-prywatnosci\/\" target=\"_blank\" rel=\"noreferrer noopener\">Polityka Prywatno\u015bci<\/a><\/strong><br><\/p><\/div><\/div>\n<\/div>\n\n\n\n<div class=\"wp-block-uagb-container uagb-block-7218f0fa\">\n<div class=\"wp-block-uagb-info-box uagb-block-d429ed9a uagb-infobox__content-wrap  uagb-infobox-icon-above-title uagb-infobox-image-valign-top\"><div class=\"uagb-ifb-content\"><div class=\"uagb-ifb-title-wrap\"><div class=\"uagb-ifb-separator\"><\/div><h2 class=\"uagb-ifb-title\">Wy\u015blij nam wiadomo\u015b\u0107<\/h2><\/div><\/div><\/div>\n\n\n<div class=\"wpforms-container wpforms-block wpforms-block-776d1921-d92d-4866-9ce9-e2220e2512b3\" id=\"wpforms-1512\"><form id=\"wpforms-form-1512\" class=\"wpforms-validate wpforms-form\" data-formid=\"1512\" method=\"post\" enctype=\"multipart\/form-data\" action=\"\/index.php\/wp-json\/wp\/v2\/pages\/1516\" data-token=\"392af4a4174ccbcc43816c92f0357c3d\" data-token-time=\"1775660988\"><noscript class=\"wpforms-error-noscript\">Aby wype\u0142ni\u0107 ten formularz, w\u0142\u0105cz obs\u0142ug\u0119 JavaScript w przegl\u0105darce.<\/noscript><div class=\"wpforms-field-container\"><div id=\"wpforms-1512-field_0-container\" class=\"wpforms-field wpforms-field-name\" data-field-id=\"0\"><label class=\"wpforms-field-label wpforms-label-hide\" for=\"wpforms-1512-field_0\">Dane <span class=\"wpforms-required-label\">*<\/span><\/label><div class=\"wpforms-field-row wpforms-field-large\"><div class=\"wpforms-field-row-block wpforms-first wpforms-one-half\"><input type=\"text\" id=\"wpforms-1512-field_0\" class=\"wpforms-field-name-first wpforms-field-required\" name=\"wpforms[fields][0][first]\" placeholder=\"Imi\u0119\" required><label for=\"wpforms-1512-field_0\" class=\"wpforms-field-sublabel after wpforms-sublabel-hide\">Pierwszy<\/label><\/div><div class=\"wpforms-field-row-block wpforms-one-half\"><input type=\"text\" id=\"wpforms-1512-field_0-last\" class=\"wpforms-field-name-last wpforms-field-required\" name=\"wpforms[fields][0][last]\" placeholder=\"Nazwisko\" required><label for=\"wpforms-1512-field_0-last\" class=\"wpforms-field-sublabel after wpforms-sublabel-hide\">Ostatni<\/label><\/div><\/div><\/div><div id=\"wpforms-1512-field_1-container\" class=\"wpforms-field wpforms-field-email\" data-field-id=\"1\"><label class=\"wpforms-field-label wpforms-label-hide\" for=\"wpforms-1512-field_1\">Email<\/label><input type=\"email\" id=\"wpforms-1512-field_1\" class=\"wpforms-field-large\" name=\"wpforms[fields][1]\" placeholder=\"Enter email address\" spellcheck=\"false\" ><\/div><div id=\"wpforms-1512-field_2-container\" class=\"wpforms-field wpforms-field-textarea\" data-field-id=\"2\"><label class=\"wpforms-field-label wpforms-label-hide\" for=\"wpforms-1512-field_2\">Comment or Message<\/label><textarea id=\"wpforms-1512-field_2\" class=\"wpforms-field-medium\" name=\"wpforms[fields][2]\" placeholder=\"Enter your message\" ><\/textarea><\/div><\/div><!-- .wpforms-field-container --><div class=\"wpforms-submit-container\" ><input type=\"hidden\" name=\"wpforms[id]\" value=\"1512\"><input type=\"hidden\" name=\"page_title\" value=\"\"><input type=\"hidden\" name=\"page_url\" value=\"https:\/\/wozniak-broker.pl\/index.php\/wp-json\/wp\/v2\/pages\/1516\"><input type=\"hidden\" name=\"url_referer\" value=\"\"><button type=\"submit\" name=\"wpforms[submit]\" id=\"wpforms-submit-1512\" class=\"wpforms-submit\" data-alt-text=\"Wysy\u0142anie...\" data-submit-text=\"Wy\u015blij\" aria-live=\"assertive\" value=\"wpforms-submit\">Wy\u015blij<\/button><\/div><\/form><\/div>  <!-- .wpforms-container --><\/div>\n<\/div><\/div>\n","protected":false},"excerpt":{"rendered":"","protected":false},"author":1,"featured_media":0,"parent":0,"menu_order":0,"comment_status":"closed","ping_status":"closed","template":"","meta":{"_uag_custom_page_level_css":"","site-sidebar-layout":"no-sidebar","site-content-layout":"plain-container","ast-site-content-layout":"normal-width-container","site-content-style":"unboxed","site-sidebar-style":"unboxed","ast-global-header-display":"","ast-banner-title-visibility":"","ast-main-header-display":"","ast-hfb-above-header-display":"","ast-hfb-below-header-display":"","ast-hfb-mobile-header-display":"","site-post-title":"disabled","ast-breadcrumbs-content":"","ast-featured-img":"disabled","footer-sml-layout":"","ast-disable-related-posts":"","theme-transparent-header-meta":"enabled","adv-header-id-meta":"","stick-header-meta":"","header-above-stick-meta":"","header-main-stick-meta":"","header-below-stick-meta":"","astra-migrate-meta-layouts":"set","ast-page-background-enabled":"default","ast-page-background-meta":{"desktop":{"background-color":"var(--ast-global-color-4)","background-image":"","background-repeat":"repeat","background-position":"center center","background-size":"auto","background-attachment":"scroll","background-type":"","background-media":"","overlay-type":"","overlay-color":"","overlay-opacity":"","overlay-gradient":""},"tablet":{"background-color":"","background-image":"","background-repeat":"repeat","background-position":"center center","background-size":"auto","background-attachment":"scroll","background-type":"","background-media":"","overlay-type":"","overlay-color":"","overlay-opacity":"","overlay-gradient":""},"mobile":{"background-color":"","background-image":"","background-repeat":"repeat","background-position":"center center","background-size":"auto","background-attachment":"scroll","background-type":"","background-media":"","overlay-type":"","overlay-color":"","overlay-opacity":"","overlay-gradient":""}},"ast-content-background-meta":{"desktop":{"background-color":"var(--ast-global-color-5)","background-image":"","background-repeat":"repeat","background-position":"center center","background-size":"auto","background-attachment":"scroll","background-type":"","background-media":"","overlay-type":"","overlay-color":"","overlay-opacity":"","overlay-gradient":""},"tablet":{"background-color":"var(--ast-global-color-5)","background-image":"","background-repeat":"repeat","background-position":"center center","background-size":"auto","background-attachment":"scroll","background-type":"","background-media":"","overlay-type":"","overlay-color":"","overlay-opacity":"","overlay-gradient":""},"mobile":{"background-color":"var(--ast-global-color-5)","background-image":"","background-repeat":"repeat","background-position":"center center","background-size":"auto","background-attachment":"scroll","background-type":"","background-media":"","overlay-type":"","overlay-color":"","overlay-opacity":"","overlay-gradient":""}},"footnotes":""},"class_list":["post-1516","page","type-page","status-publish","hentry"],"yoast_head":"<!-- This site is optimized with the Yoast SEO plugin v27.3 - https:\/\/yoast.com\/product\/yoast-seo-wordpress\/ -->\n<title>Kontakt - Piotr Wo\u017cniak Broker<\/title>\n<meta name=\"robots\" content=\"index, follow, max-snippet:-1, max-image-preview:large, max-video-preview:-1\" \/>\n<link rel=\"canonical\" href=\"https:\/\/wozniak-broker.pl\/index.php\/kontakt\/\" \/>\n<meta property=\"og:locale\" content=\"pl_PL\" \/>\n<meta property=\"og:type\" content=\"article\" \/>\n<meta property=\"og:title\" content=\"Kontakt - Piotr Wo\u017cniak Broker\" \/>\n<meta property=\"og:url\" content=\"https:\/\/wozniak-broker.pl\/index.php\/kontakt\/\" \/>\n<meta property=\"og:site_name\" content=\"Piotr Wo\u017cniak Broker\" \/>\n<meta property=\"article:modified_time\" content=\"2024-07-30T10:02:07+00:00\" \/>\n<meta name=\"twitter:card\" content=\"summary_large_image\" \/>\n<meta name=\"twitter:site\" content=\"@WozniakBroker\" \/>\n<meta name=\"twitter:label1\" content=\"Szacowany czas czytania\" \/>\n\t<meta name=\"twitter:data1\" content=\"2 minuty\" \/>\n<script type=\"application\/ld+json\" class=\"yoast-schema-graph\">{\"@context\":\"https:\\\/\\\/schema.org\",\"@graph\":[{\"@type\":\"WebPage\",\"@id\":\"https:\\\/\\\/wozniak-broker.pl\\\/index.php\\\/kontakt\\\/\",\"url\":\"https:\\\/\\\/wozniak-broker.pl\\\/index.php\\\/kontakt\\\/\",\"name\":\"Kontakt - Piotr Wo\u017cniak Broker\",\"isPartOf\":{\"@id\":\"https:\\\/\\\/wozniak-broker.pl\\\/#website\"},\"datePublished\":\"2023-05-14T04:41:42+00:00\",\"dateModified\":\"2024-07-30T10:02:07+00:00\",\"breadcrumb\":{\"@id\":\"https:\\\/\\\/wozniak-broker.pl\\\/index.php\\\/kontakt\\\/#breadcrumb\"},\"inLanguage\":\"pl-PL\",\"potentialAction\":[{\"@type\":\"ReadAction\",\"target\":[\"https:\\\/\\\/wozniak-broker.pl\\\/index.php\\\/kontakt\\\/\"]}]},{\"@type\":\"BreadcrumbList\",\"@id\":\"https:\\\/\\\/wozniak-broker.pl\\\/index.php\\\/kontakt\\\/#breadcrumb\",\"itemListElement\":[{\"@type\":\"ListItem\",\"position\":1,\"name\":\"Strona g\u0142\u00f3wna\",\"item\":\"https:\\\/\\\/wozniak-broker.pl\\\/\"},{\"@type\":\"ListItem\",\"position\":2,\"name\":\"Kontakt\"}]},{\"@type\":\"WebSite\",\"@id\":\"https:\\\/\\\/wozniak-broker.pl\\\/#website\",\"url\":\"https:\\\/\\\/wozniak-broker.pl\\\/\",\"name\":\"Piotr Wo\u017cniak Broker\",\"description\":\"Broker ubezpieczeniowy Gorz\u00f3w Wielkopolski\",\"publisher\":{\"@id\":\"https:\\\/\\\/wozniak-broker.pl\\\/#\\\/schema\\\/person\\\/8d6b9bdba21aec3df45e8571991b461c\"},\"potentialAction\":[{\"@type\":\"SearchAction\",\"target\":{\"@type\":\"EntryPoint\",\"urlTemplate\":\"https:\\\/\\\/wozniak-broker.pl\\\/?s={search_term_string}\"},\"query-input\":{\"@type\":\"PropertyValueSpecification\",\"valueRequired\":true,\"valueName\":\"search_term_string\"}}],\"inLanguage\":\"pl-PL\"},{\"@type\":[\"Person\",\"Organization\"],\"@id\":\"https:\\\/\\\/wozniak-broker.pl\\\/#\\\/schema\\\/person\\\/8d6b9bdba21aec3df45e8571991b461c\",\"name\":\"biuro@wozniak-broker.pl\",\"image\":{\"@type\":\"ImageObject\",\"inLanguage\":\"pl-PL\",\"@id\":\"https:\\\/\\\/wozniak-broker.pl\\\/wp-content\\\/uploads\\\/2023\\\/05\\\/cropped-android-chrome-512x512-2.png\",\"url\":\"https:\\\/\\\/wozniak-broker.pl\\\/wp-content\\\/uploads\\\/2023\\\/05\\\/cropped-android-chrome-512x512-2.png\",\"contentUrl\":\"https:\\\/\\\/wozniak-broker.pl\\\/wp-content\\\/uploads\\\/2023\\\/05\\\/cropped-android-chrome-512x512-2.png\",\"width\":512,\"height\":512,\"caption\":\"biuro@wozniak-broker.pl\"},\"logo\":{\"@id\":\"https:\\\/\\\/wozniak-broker.pl\\\/wp-content\\\/uploads\\\/2023\\\/05\\\/cropped-android-chrome-512x512-2.png\"},\"sameAs\":[\"https:\\\/\\\/wozniak-broker.pl\"]}]}<\/script>\n<!-- \/ Yoast SEO plugin. -->","yoast_head_json":{"title":"Kontakt - Piotr Wo\u017cniak Broker","robots":{"index":"index","follow":"follow","max-snippet":"max-snippet:-1","max-image-preview":"max-image-preview:large","max-video-preview":"max-video-preview:-1"},"canonical":"https:\/\/wozniak-broker.pl\/index.php\/kontakt\/","og_locale":"pl_PL","og_type":"article","og_title":"Kontakt - Piotr Wo\u017cniak Broker","og_url":"https:\/\/wozniak-broker.pl\/index.php\/kontakt\/","og_site_name":"Piotr Wo\u017cniak Broker","article_modified_time":"2024-07-30T10:02:07+00:00","twitter_card":"summary_large_image","twitter_site":"@WozniakBroker","twitter_misc":{"Szacowany czas czytania":"2 minuty"},"schema":{"@context":"https:\/\/schema.org","@graph":[{"@type":"WebPage","@id":"https:\/\/wozniak-broker.pl\/index.php\/kontakt\/","url":"https:\/\/wozniak-broker.pl\/index.php\/kontakt\/","name":"Kontakt - Piotr Wo\u017cniak Broker","isPartOf":{"@id":"https:\/\/wozniak-broker.pl\/#website"},"datePublished":"2023-05-14T04:41:42+00:00","dateModified":"2024-07-30T10:02:07+00:00","breadcrumb":{"@id":"https:\/\/wozniak-broker.pl\/index.php\/kontakt\/#breadcrumb"},"inLanguage":"pl-PL","potentialAction":[{"@type":"ReadAction","target":["https:\/\/wozniak-broker.pl\/index.php\/kontakt\/"]}]},{"@type":"BreadcrumbList","@id":"https:\/\/wozniak-broker.pl\/index.php\/kontakt\/#breadcrumb","itemListElement":[{"@type":"ListItem","position":1,"name":"Strona g\u0142\u00f3wna","item":"https:\/\/wozniak-broker.pl\/"},{"@type":"ListItem","position":2,"name":"Kontakt"}]},{"@type":"WebSite","@id":"https:\/\/wozniak-broker.pl\/#website","url":"https:\/\/wozniak-broker.pl\/","name":"Piotr Wo\u017cniak Broker","description":"Broker ubezpieczeniowy Gorz\u00f3w Wielkopolski","publisher":{"@id":"https:\/\/wozniak-broker.pl\/#\/schema\/person\/8d6b9bdba21aec3df45e8571991b461c"},"potentialAction":[{"@type":"SearchAction","target":{"@type":"EntryPoint","urlTemplate":"https:\/\/wozniak-broker.pl\/?s={search_term_string}"},"query-input":{"@type":"PropertyValueSpecification","valueRequired":true,"valueName":"search_term_string"}}],"inLanguage":"pl-PL"},{"@type":["Person","Organization"],"@id":"https:\/\/wozniak-broker.pl\/#\/schema\/person\/8d6b9bdba21aec3df45e8571991b461c","name":"biuro@wozniak-broker.pl","image":{"@type":"ImageObject","inLanguage":"pl-PL","@id":"https:\/\/wozniak-broker.pl\/wp-content\/uploads\/2023\/05\/cropped-android-chrome-512x512-2.png","url":"https:\/\/wozniak-broker.pl\/wp-content\/uploads\/2023\/05\/cropped-android-chrome-512x512-2.png","contentUrl":"https:\/\/wozniak-broker.pl\/wp-content\/uploads\/2023\/05\/cropped-android-chrome-512x512-2.png","width":512,"height":512,"caption":"biuro@wozniak-broker.pl"},"logo":{"@id":"https:\/\/wozniak-broker.pl\/wp-content\/uploads\/2023\/05\/cropped-android-chrome-512x512-2.png"},"sameAs":["https:\/\/wozniak-broker.pl"]}]}},"uagb_featured_image_src":{"full":false,"thumbnail":false,"medium":false,"medium_large":false,"large":false,"1536x1536":false,"2048x2048":false},"uagb_author_info":{"display_name":"biuro@wozniak-broker.pl","author_link":"https:\/\/wozniak-broker.pl\/index.php\/author\/biurowozniak-broker-pl\/"},"uagb_comment_info":0,"uagb_excerpt":null,"_links":{"self":[{"href":"https:\/\/wozniak-broker.pl\/index.php\/wp-json\/wp\/v2\/pages\/1516","targetHints":{"allow":["GET"]}}],"collection":[{"href":"https:\/\/wozniak-broker.pl\/index.php\/wp-json\/wp\/v2\/pages"}],"about":[{"href":"https:\/\/wozniak-broker.pl\/index.php\/wp-json\/wp\/v2\/types\/page"}],"author":[{"embeddable":true,"href":"https:\/\/wozniak-broker.pl\/index.php\/wp-json\/wp\/v2\/users\/1"}],"replies":[{"embeddable":true,"href":"https:\/\/wozniak-broker.pl\/index.php\/wp-json\/wp\/v2\/comments?post=1516"}],"version-history":[{"count":10,"href":"https:\/\/wozniak-broker.pl\/index.php\/wp-json\/wp\/v2\/pages\/1516\/revisions"}],"predecessor-version":[{"id":1676,"href":"https:\/\/wozniak-broker.pl\/index.php\/wp-json\/wp\/v2\/pages\/1516\/revisions\/1676"}],"wp:attachment":[{"href":"https:\/\/wozniak-broker.pl\/index.php\/wp-json\/wp\/v2\/media?parent=1516"}],"curies":[{"name":"wp","href":"https:\/\/api.w.org\/{rel}","templated":true}]}}